{"id":1779,"date":"2018-09-27T19:35:34","date_gmt":"2018-09-27T19:35:34","guid":{"rendered":"https:\/\/www.arenath.com\/producto\/romana-linea-optimal-arenath\/"},"modified":"2022-03-04T15:07:09","modified_gmt":"2022-03-04T15:07:09","slug":"roman-optimal-line-arenath","status":"publish","type":"product","link":"https:\/\/www.arenath.com\/en\/producto\/roman-optimal-line-arenath\/","title":{"rendered":"Roman Optimal L\u00edne \u00c4renath."},"content":{"rendered":"<p><strong>\u00c4renath Optimal Roman Shade<\/strong> is a <strong>handmade<\/strong> product, unique<br \/>\nand innovative, waterproof, stain resistant fabric and fully machine<br \/>\nwashable.<\/p>\n<p>Designed for indoor-outdoor use.\u00a0<strong>Two year Limited Guarantee<\/strong>;<br \/>\nresistant to severe use and environmental conditions.<br \/>\nComponents made of aluminum and ABS.<\/p>\n","protected":false},"excerpt":{"rendered":"<p>\u00c4renath Optimal Roman Shade is a handmade product, unique and innovative, waterproof, stain resistant fabric and fully machine washable. Designed for indoor-outdoor use.\u00a0Two year Limited Guarantee; resistant to severe use and environmental conditions. Components made of aluminum and ABS.<\/p>\n","protected":false},"featured_media":1975,"comment_status":"open","ping_status":"closed","template":"","meta":{"_acf_changed":false},"product_brand":[],"product_cat":[70],"product_tag":[],"class_list":{"0":"post-1779","1":"product","2":"type-product","3":"status-publish","4":"has-post-thumbnail","6":"product_cat-blinds","8":"first","9":"instock","10":"shipping-taxable","11":"purchasable","12":"product-type-variable"},"acf":[],"_links":{"self":[{"href":"https:\/\/www.arenath.com\/en\/wp-json\/wp\/v2\/product\/1779","targetHints":{"allow":["GET"]}}],"collection":[{"href":"https:\/\/www.arenath.com\/en\/wp-json\/wp\/v2\/product"}],"about":[{"href":"https:\/\/www.arenath.com\/en\/wp-json\/wp\/v2\/types\/product"}],"replies":[{"embeddable":true,"href":"https:\/\/www.arenath.com\/en\/wp-json\/wp\/v2\/comments?post=1779"}],"wp:featuredmedia":[{"embeddable":true,"href":"https:\/\/www.arenath.com\/en\/wp-json\/wp\/v2\/media\/1975"}],"wp:attachment":[{"href":"https:\/\/www.arenath.com\/en\/wp-json\/wp\/v2\/media?parent=1779"}],"wp:term":[{"taxonomy":"product_brand","embeddable":true,"href":"https:\/\/www.arenath.com\/en\/wp-json\/wp\/v2\/product_brand?post=1779"},{"taxonomy":"product_cat","embeddable":true,"href":"https:\/\/www.arenath.com\/en\/wp-json\/wp\/v2\/product_cat?post=1779"},{"taxonomy":"product_tag","embeddable":true,"href":"https:\/\/www.arenath.com\/en\/wp-json\/wp\/v2\/product_tag?post=1779"}],"curies":[{"name":"wp","href":"https:\/\/api.w.org\/{rel}","templated":true}]}}